{"id":500,"date":"2017-10-05T00:18:07","date_gmt":"2017-10-05T00:18:07","guid":{"rendered":"https:\/\/arponspearfishing.com\/es\/?page_id=500"},"modified":"2024-11-28T05:23:26","modified_gmt":"2024-11-28T05:23:26","slug":"half-day-spearfishing-trip-private","status":"publish","type":"page","link":"https:\/\/arponspearfishing.com\/es\/spearfishing-trips\/half-day-spearfishing-trip-private\/","title":{"rendered":"Half Day Spearfishing Trip (private)"},"content":{"rendered":"<section class=\"l-section wpb_row us_custom_4ef76d89 height_auto with_shape\"><div class=\"l-section-shape type_wave pos_bottom\" style=\"height:9vh;\"><svg xmlns=\"http:\/\/www.w3.org\/2000\/svg\" viewBox=\"0 4 64 4\" preserveAspectRatio=\"none\" width=\"100%\" height=\"100%\">\r\n\t<path fill=\"currentColor\" d=\"M64 6 C32 0 32 12 0 6 L0 8 L64 8 Z\"\/>\r\n<\/svg><\/div><div class=\"l-section-h i-cf\"><div class=\"g-cols vc_row via_flex valign_middle type_default stacking_default\"><div class=\"vc_col-sm-12 wpb_column vc_column_container\"><div class=\"vc_column-inner\"><div class=\"wpb_wrapper\"><div class=\"w-separator size_custom\" style=\"height:10px\"><\/div>[vc_custom_heading text=&#8221;Tour Privado de Pesca Submarina de Medio D\u00eda en Canc\u00fan y Riviera Maya&#8221; font_container=&#8221;tag:h1|text_align:left|color:%23ffffff&#8221; use_theme_fonts=&#8221;yes&#8221; css=&#8221;%7B%22default%22%3A%7B%22color%22%3A%22%23ffffff%22%7D%7D&#8221;]<div class=\"w-separator size_custom\" style=\"height:10px\"><\/div><\/div><\/div><\/div><\/div><\/div><\/section><section class=\"l-section wpb_row us_custom_aee1ec99 height_auto\"><div class=\"l-section-h i-cf\"><div class=\"g-cols vc_row via_flex valign_top type_default stacking_default\"><div class=\"vc_col-sm-12 wpb_column vc_column_container\"><div class=\"vc_column-inner\"><div class=\"wpb_wrapper\">[vc_custom_heading text=&#8221;Expedici\u00f3n Exclusiva de 4 Horas en Barco para Pesca Submarina&#8221; font_container=&#8221;tag:h2|text_align:left|color:%23ffffff&#8221; use_theme_fonts=&#8221;yes&#8221; css=&#8221;%7B%22default%22%3A%7B%22color%22%3A%22%23666666%22%7D%7D&#8221;]<div class=\"w-separator size_custom\" style=\"height:10px\"><\/div><\/div><\/div><\/div><div class=\"vc_col-sm-6 wpb_column vc_column_container\"><div class=\"vc_column-inner\"><div class=\"wpb_wrapper\"><div class=\"g-cols wpb_row via_flex valign_top type_default stacking_default\"><div class=\"vc_col-sm-12 wpb_column vc_column_container\"><div class=\"vc_column-inner\"><div class=\"wpb_wrapper\"><div class=\"w-image style_outlined align_center\"><div class=\"w-image-h\"><img loading=\"lazy\" decoding=\"async\" width=\"900\" height=\"675\" src=\"https:\/\/arponspearfishing.com\/es\/wp-content\/uploads\/sites\/2\/2017\/06\/half-day-hunting-expedition-private.jpg\" class=\"attachment-full size-full\" alt=\"half day hunting expedition private\" srcset=\"https:\/\/arponspearfishing.com\/es\/wp-content\/uploads\/sites\/2\/2017\/06\/half-day-hunting-expedition-private.jpg 900w, https:\/\/arponspearfishing.com\/es\/wp-content\/uploads\/sites\/2\/2017\/06\/half-day-hunting-expedition-private-300x225.jpg 300w, https:\/\/arponspearfishing.com\/es\/wp-content\/uploads\/sites\/2\/2017\/06\/half-day-hunting-expedition-private-768x576.jpg 768w\" sizes=\"(max-width: 900px) 100vw, 900px\" \/><\/div><\/div><\/div><\/div><\/div><\/div><\/div><\/div><\/div><div class=\"vc_col-sm-6 wpb_column vc_column_container\"><div class=\"vc_column-inner\"><div class=\"wpb_wrapper\">[vc_custom_heading text=&#8221;\u00a1\u00a1STAFF SOLO PARA TI!!&#8221; font_container=&#8221;tag:h3|text_align:left&#8221; use_theme_fonts=&#8221;yes&#8221; css=&#8221;%7B%22default%22%3A%7B%22color%22%3A%22%23dd3333%22%2C%22margin-bottom%22%3A%220px%22%7D%7D&#8221;][vc_custom_heading text=&#8221;Disfruta de un tour privado de pesca submarina de medio d\u00eda en la Riviera Maya con Arpon Spearfishing, ideal para quienes buscan una experiencia personalizada. Esta aventura exclusiva de 4 horas en barco incluye un gu\u00eda profesional, equipo completo y acceso a los mejores puntos de pesca en Canc\u00fan y Playa del Carmen. Con un charter solo para ti y tu grupo, tendr\u00e1s las mejores oportunidades de capturar el pez del d\u00eda en un ambiente seguro y c\u00f3modo. \u00a1Reserva ahora y vive una experiencia de pesca submarina \u00fanica!&#8221; font_container=&#8221;tag:div|text_align:left&#8221; use_theme_fonts=&#8221;yes&#8221; css=&#8221;%7B%22default%22%3A%7B%22color%22%3A%22%23262A2F%22%2C%22padding-top%22%3A%2210px%22%7D%7D&#8221;]<div class=\"w-separator size_custom\" style=\"height:10px\"><\/div>[vc_custom_heading text=&#8221;PRECIOS&#8221; font_container=&#8221;tag:h3|text_align:left&#8221; use_theme_fonts=&#8221;yes&#8221; css=&#8221;%7B%22default%22%3A%7B%22color%22%3A%22%23ffffff%22%2C%22background-color%22%3A%22%23007CC3%22%2C%22margin-bottom%22%3A%220px%22%2C%22padding-left%22%3A%2220px%22%2C%22padding-top%22%3A%220px%22%7D%7D&#8221;]<div class=\"g-cols wpb_row via_flex valign_top type_default stacking_default\"><div class=\"vc_col-sm-12 wpb_column vc_column_container\"><div class=\"vc_column-inner\"><div class=\"wpb_wrapper\"><div class=\"wpb_text_column\"><div class=\"wpb_wrapper\"><table class=\"table\">\n<tbody>\n<tr>\n<td>\n<div class=\"gtx-body\"><strong>Charter con 2 Cazadores<\/strong><\/div>\n<\/td>\n<td>$420 usd<\/td>\n<\/tr>\n<tr>\n<td>\n<div class=\"gtx-body\"><strong>Cazador adicional<\/strong><\/div>\n<\/td>\n<td>$170 usd cada uno<\/td>\n<\/tr>\n<tr>\n<td><strong>Snorkelers<\/strong><\/td>\n<td>$105 usd cada uno<\/td>\n<\/tr>\n<tr>\n<td>\n<div class=\"gtx-body\"><strong>Acompa\u00f1antes (no cazadores)<\/strong><\/div>\n<\/td>\n<td>$75 usd cada uno<\/td>\n<\/tr>\n<\/tbody>\n<\/table>\n<div id=\"gtx-trans\" style=\"position: absolute; left: 25px; top: 73.849px;\">\n<div class=\"gtx-trans-icon\"><\/div>\n<\/div>\n<\/div><\/div><div class=\"ult-spacer spacer-69e9030ae8416\" data-id=\"69e9030ae8416\" data-height=\"20\" data-height-mobile=\"20\" data-height-tab=\"20\" data-height-tab-portrait=\"\" data-height-mobile-landscape=\"\" style=\"clear:both;display:block;\"><\/div><div class=\" ubtn-ctn-center \"><a class=\"ubtn-link ult-adjust-bottom-margin ubtn-center ubtn-block \" href=\"https:\/\/bookings.arponspearfishing.com\/\" title=\"Book Now\" target=\"_blank\" rel=\"noopener\" ><button type=\"button\" id=\"ubtn-2979\"  class=\"ubtn ult-adjust-bottom-margin ult-responsive ubtn-block ubtn-no-hover-bg  none  ubtn-center   tooltip-69e9030ae843b ubtn-block\"  data-hover=\"\" data-border-color=\"\" data-bg=\"#dd3333\" data-hover-bg=\"\" data-border-hover=\"\" data-shadow-hover=\"\" data-shadow-click=\"none\" data-shadow=\"\" data-shd-shadow=\"\"  data-ultimate-target='#ubtn-2979'  data-responsive-json-new='{\"font-size\":\"desktop:24px;\",\"line-height\":\"\"}'  style=\"font-weight:bold;border:none;background: #dd3333;color: #ffffff;\"><span class=\"ubtn-hover\" style=\"background-color:\"><\/span><span class=\"ubtn-data ubtn-text \" >RESERVA AHORA<\/span><\/button><\/a><\/div><\/div><\/div><\/div><\/div><\/div><\/div><\/div><\/div><\/div><\/section><section class=\"l-section wpb_row us_custom_0025c694 height_auto\"><div class=\"l-section-h i-cf\"><div class=\"g-cols vc_row via_flex valign_top type_default stacking_default\"><div class=\"vc_col-sm-12 wpb_column vc_column_container\"><div class=\"vc_column-inner\"><div class=\"wpb_wrapper\">[vc_custom_heading text=&#8221;El viaje de pesca submarina incluye:&#8221; use_theme_fonts=&#8221;yes&#8221; css=&#8221;%7B%22default%22%3A%7B%22color%22%3A%22%23ffffff%22%2C%22background-color%22%3A%22%23007CC3%22%2C%22margin-bottom%22%3A%220px%22%2C%22padding-left%22%3A%2220px%22%2C%22padding-top%22%3A%220px%22%2C%22padding-bottom%22%3A%224px%22%7D%7D&#8221;]<div class=\"ult-spacer spacer-69e9030ae8819\" data-id=\"69e9030ae8819\" data-height=\"20\" data-height-mobile=\"20\" data-height-tab=\"20\" data-height-tab-portrait=\"\" data-height-mobile-landscape=\"\" style=\"clear:both;display:block;\"><\/div><div class=\"g-cols wpb_row via_flex valign_top type_default stacking_default\"><div class=\"vc_col-sm-4 wpb_column vc_column_container\"><div class=\"vc_column-inner\"><div class=\"wpb_wrapper\"><div class=\"wpb_text_column\"><div class=\"wpb_wrapper\"><p>Equipo completo:<\/p>\n<ul>\n<li>mascarilla<\/li>\n<li>traje de neopreno<\/li>\n<li>tubo respirador<\/li>\n<li>guantes<\/li>\n<li>pesos y aletas<\/li>\n<\/ul>\n<\/div><\/div><\/div><\/div><\/div><div class=\"vc_col-sm-4 wpb_column vc_column_container\"><div class=\"vc_column-inner\"><div class=\"wpb_wrapper\"><div class=\"wpb_text_column\"><div class=\"wpb_wrapper\"><ul>\n<li>Gu\u00eda profesional de pesca submarina<\/li>\n<li>Fusiles de distintos tama\u00f1os y marcas<\/li>\n<li><strong>Permiso y licencia de pesca submarina<\/strong><\/li>\n<\/ul>\n<\/div><\/div><\/div><\/div><\/div><div class=\"vc_col-sm-4 wpb_column vc_column_container\"><div class=\"vc_column-inner\"><div class=\"wpb_wrapper\"><div class=\"wpb_text_column\"><div class=\"wpb_wrapper\"><ul>\n<li><strong>Agua dulce<\/strong> para cazadores<\/li>\n<li><strong>Cerveza<\/strong> para snorkelers.<\/li>\n<\/ul>\n<\/div><\/div><\/div><\/div><\/div><\/div><div class=\"ult-spacer spacer-69e9030ae8f31\" data-id=\"69e9030ae8f31\" data-height=\"20\" data-height-mobile=\"20\" data-height-tab=\"20\" data-height-tab-portrait=\"\" data-height-mobile-landscape=\"\" style=\"clear:both;display:block;\"><\/div><div class=\"g-cols wpb_row via_flex valign_top type_default stacking_default\"><div class=\"vc_col-sm-6 wpb_column vc_column_container\"><div class=\"vc_column-inner\"><div class=\"wpb_wrapper\">[vc_custom_heading text=&#8221;SALIDAS&#8221; font_container=&#8221;tag:h4|text_align:left&#8221; use_theme_fonts=&#8221;yes&#8221; css=&#8221;%7B%22default%22%3A%7B%22color%22%3A%22%23ffffff%22%2C%22background-color%22%3A%22%23007CC3%22%2C%22margin-bottom%22%3A%220px%22%2C%22padding-left%22%3A%2220px%22%2C%22padding-top%22%3A%220px%22%7D%7D&#8221;]<div class=\"ult-spacer spacer-69e9030ae9167\" data-id=\"69e9030ae9167\" data-height=\"20\" data-height-mobile=\"20\" data-height-tab=\"20\" data-height-tab-portrait=\"\" data-height-mobile-landscape=\"\" style=\"clear:both;display:block;\"><\/div><div class=\"aio-icon-component    style_1\"><div id=\"Info-box-wrap-7190\" class=\"aio-icon-box default-icon\" style=\"\"  ><div class=\"aio-icon-default\"><div class=\"ult-just-icon-wrapper  \"><div class=\"align-icon\" style=\"text-align:center;\">\n<div class=\"aio-icon none \"  style=\"color:#333;font-size:32px;display:inline-block;\">\n\t<i class=\"Defaults-clock-o\"><\/i>\n<\/div><\/div><\/div><\/div><div class=\"aio-icon-header\" ><h3 class=\"aio-icon-title ult-responsive\"  data-ultimate-target='#Info-box-wrap-7190 .aio-icon-title'  data-responsive-json-new='{\"font-size\":\"desktop:18px;\",\"line-height\":\"\"}'  style=\"font-weight:bold;color:#262a2f;\">8:00 a.m.<\/h3><\/div> <!-- header --><\/div> <!-- aio-icon-box --><\/div> <!-- aio-icon-component --><div class=\"aio-icon-component    style_1\"><div id=\"Info-box-wrap-8148\" class=\"aio-icon-box default-icon\" style=\"\"  ><div class=\"aio-icon-default\"><div class=\"ult-just-icon-wrapper  \"><div class=\"align-icon\" style=\"text-align:center;\">\n<div class=\"aio-icon none \"  style=\"color:#333;font-size:32px;display:inline-block;\">\n\t<i class=\"Defaults-clock-o\"><\/i>\n<\/div><\/div><\/div><\/div><div class=\"aio-icon-header\" ><h3 class=\"aio-icon-title ult-responsive\"  data-ultimate-target='#Info-box-wrap-8148 .aio-icon-title'  data-responsive-json-new='{\"font-size\":\"desktop:18px;\",\"line-height\":\"\"}'  style=\"font-weight:bold;color:#262a2f;\">2:00 p.m.<\/h3><\/div> <!-- header --><\/div> <!-- aio-icon-box --><\/div> <!-- aio-icon-component --><\/div><\/div><\/div><div class=\"vc_col-sm-6 wpb_column vc_column_container\"><div class=\"vc_column-inner\"><div class=\"wpb_wrapper\"><div class=\"w-message color_blue with_icon\"><div class=\"w-message-icon\"><i class=\"fas fa-exclamation-triangle\"><\/i><\/div><div class=\"w-message-body\"><p>Este es un CHARTER PRIVADO para una experiencia personalizada.<\/p>\n<\/div><\/div><div class=\"w-message color_yellow with_icon\"><div class=\"w-message-icon\"><i class=\"fas fa-info\"><\/i><\/div><div class=\"w-message-body\"><p>Si tienes tu propio equipo de pesca submarina, \u00a1puedes traerlo!<\/p>\n<\/div><\/div><\/div><\/div><\/div><\/div><\/div><\/div><\/div><\/div><\/div><\/section><section class=\"l-section wpb_row us_custom_815c1c57 height_auto\"><div class=\"l-section-h i-cf\"><div class=\"g-cols vc_row via_flex valign_top type_default stacking_default\"><div class=\"vc_col-sm-8 wpb_column vc_column_container\"><div class=\"vc_column-inner\"><div class=\"wpb_wrapper\">[vc_custom_heading text=&#8221;\u00bfQuieres disfrutar del pescado que pescaste?&#8221; use_theme_fonts=&#8221;yes&#8221; css=&#8221;%7B%22default%22%3A%7B%22color%22%3A%22%23ffffff%22%2C%22background-color%22%3A%22%23007CC3%22%2C%22margin-bottom%22%3A%220px%22%2C%22padding-left%22%3A%2220px%22%2C%22padding-top%22%3A%220px%22%2C%22padding-bottom%22%3A%224px%22%7D%7D&#8221;]<div class=\"ult-spacer spacer-69e9030ae986a\" data-id=\"69e9030ae986a\" data-height=\"1\" data-height-mobile=\"1\" data-height-tab=\"1\" data-height-tab-portrait=\"\" data-height-mobile-landscape=\"\" style=\"clear:both;display:block;\"><\/div>[vc_custom_heading text=&#8221;Tu pescado fresco cocinado en el mejor restaurante grill de Puerto Aventuras.&#8221; font_container=&#8221;tag:h5|text_align:left&#8221; use_theme_fonts=&#8221;yes&#8221; css=&#8221;%7B%22default%22%3A%7B%22color%22%3A%22%23666666%22%2C%22margin-bottom%22%3A%2210px%22%7D%7D&#8221;][vc_custom_heading text=&#8221;Almuerzo &#8211; Cena en Restaurante La Caleta Puerto Aventuras \u2013 SIN CARGO&#8221; font_container=&#8221;tag:h5|text_align:left&#8221; use_theme_fonts=&#8221;yes&#8221; css=&#8221;%7B%22default%22%3A%7B%22color%22%3A%22%23dd0000%22%2C%22padding-top%22%3A%2210px%22%7D%7D&#8221;]<div class=\"ult-spacer spacer-69e9030ae9880\" data-id=\"69e9030ae9880\" data-height=\"10\" data-height-mobile=\"10\" data-height-tab=\"10\" data-height-tab-portrait=\"\" data-height-mobile-landscape=\"\" style=\"clear:both;display:block;\"><\/div><div class=\"g-cols wpb_row via_flex valign_top type_default stacking_default\"><div class=\"vc_col-sm-6 wpb_column vc_column_container\"><div class=\"vc_column-inner\"><div class=\"wpb_wrapper\"><div class=\"wpb_text_column\"><div class=\"wpb_wrapper\"><p style=\"text-align: left;\"><strong>Incluye: <\/strong><\/p>\n<div class=\"gtx-body\">Ensalada, arroz, salsa y tortillas.<\/div>\n<\/div><\/div><\/div><\/div><\/div><div class=\"vc_col-sm-6 wpb_column vc_column_container\"><div class=\"vc_column-inner\"><div class=\"wpb_wrapper\"><div class=\"w-message color_yellow with_icon\"><div class=\"w-message-icon\"><i class=\"fas fa-info\"><\/i><\/div><div class=\"w-message-body\"><p>*Bebidas no incluidas*<\/p>\n<\/div><\/div><\/div><\/div><\/div><\/div><\/div><\/div><\/div><div class=\"vc_col-sm-4 wpb_column vc_column_container\"><div class=\"vc_column-inner\"><div class=\"wpb_wrapper\"><div class=\"w-image style_shadow-1 align_center\"><div class=\"w-image-h\"><img loading=\"lazy\" decoding=\"async\" width=\"1440\" height=\"1080\" src=\"https:\/\/arponspearfishing.com\/es\/wp-content\/uploads\/sites\/2\/2024\/06\/3.jpeg\" class=\"attachment-full size-full\" alt=\"\" srcset=\"https:\/\/arponspearfishing.com\/es\/wp-content\/uploads\/sites\/2\/2024\/06\/3.jpeg 1440w, https:\/\/arponspearfishing.com\/es\/wp-content\/uploads\/sites\/2\/2024\/06\/3-300x225.jpeg 300w, https:\/\/arponspearfishing.com\/es\/wp-content\/uploads\/sites\/2\/2024\/06\/3-1024x768.jpeg 1024w, https:\/\/arponspearfishing.com\/es\/wp-content\/uploads\/sites\/2\/2024\/06\/3-768x576.jpeg 768w\" sizes=\"(max-width: 1440px) 100vw, 1440px\" \/><\/div><\/div><div class=\"ult-spacer spacer-69e9030aea2b7\" data-id=\"69e9030aea2b7\" data-height=\"10\" data-height-mobile=\"10\" data-height-tab=\"10\" data-height-tab-portrait=\"\" data-height-mobile-landscape=\"\" style=\"clear:both;display:block;\"><\/div><div class=\"wpb_text_column\"><div class=\"wpb_wrapper\"><div class=\"gtx-body\" style=\"text-align: center;\">M\u00fasica en vivo los mi\u00e9rcoles y domingos.<\/div>\n<\/div><\/div><\/div><\/div><\/div><\/div><\/div><\/section><section class=\"l-section wpb_row us_custom_8e09cc6b height_auto\"><div class=\"l-section-h i-cf\"><div class=\"g-cols vc_row via_flex valign_top type_default stacking_default\"><div class=\"vc_col-sm-12 wpb_column vc_column_container\"><div class=\"vc_column-inner\"><div class=\"wpb_wrapper\">[vc_custom_heading text=&#8221;RESERVA CON S\u00d3LO 10% DE DEP\u00d3SITO&#8221; font_container=&#8221;tag:h2|text_align:center&#8221; use_theme_fonts=&#8221;yes&#8221; css=&#8221;%7B%22default%22%3A%7B%22color%22%3A%22%23ffffff%22%2C%22background-color%22%3A%22%23007CC3%22%2C%22margin-bottom%22%3A%220px%22%2C%22padding-left%22%3A%2220px%22%2C%22padding-top%22%3A%220px%22%2C%22padding-bottom%22%3A%224px%22%7D%7D&#8221;]<div class=\"w-separator size_custom\" style=\"height:30px\"><\/div><div class=\"g-cols wpb_row via_flex valign_top type_default stacking_default\"><div class=\"vc_col-sm-6 wpb_column vc_column_container\"><div class=\"vc_column-inner\"><div class=\"wpb_wrapper\"><div class=\"w-message color_red with_icon\"><div class=\"w-message-icon\"><i class=\"fas fa-exclamation-triangle\"><\/i><\/div><div class=\"w-message-body\"><p>El saldo debe pagarse antes del viaje.<\/p>\n<\/div><\/div><\/div><\/div><\/div><div class=\"vc_col-sm-6 wpb_column vc_column_container\"><div class=\"vc_column-inner\"><div class=\"wpb_wrapper\"><div class=\" ubtn-ctn-center \"><a class=\"ubtn-link ult-adjust-bottom-margin ubtn-center ubtn-block \" href=\"https:\/\/bookings.arponspearfishing.com\/\" title=\"Book Now\" target=\"_blank\" rel=\"noopener\" ><button type=\"button\" id=\"ubtn-9448\"  class=\"ubtn ult-adjust-bottom-margin ult-responsive ubtn-block ubtn-no-hover-bg  none  ubtn-center   tooltip-69e9030aeaa81 ubtn-block\"  data-hover=\"\" data-border-color=\"\" data-bg=\"#dd3333\" data-hover-bg=\"\" data-border-hover=\"\" data-shadow-hover=\"\" data-shadow-click=\"none\" data-shadow=\"\" data-shd-shadow=\"\"  data-ultimate-target='#ubtn-9448'  data-responsive-json-new='{\"font-size\":\"desktop:24px;\",\"line-height\":\"\"}'  style=\"font-weight:bold;border:none;background: #dd3333;color: #ffffff;\"><span class=\"ubtn-hover\" style=\"background-color:\"><\/span><span class=\"ubtn-data ubtn-text \" >RESERVA AHORA<\/span><\/button><\/a><\/div><\/div><\/div><\/div><\/div><\/div><\/div><\/div><\/div><\/div><\/section><section class=\"l-section wpb_row height_auto\"><div class=\"l-section-h i-cf\"><div class=\"g-cols vc_row via_flex valign_middle type_default stacking_default\"><div class=\"vc_col-sm-8 wpb_column vc_column_container\"><div class=\"vc_column-inner\"><div class=\"wpb_wrapper\">[vc_custom_heading text=&#8221;\u00bfEst\u00e1s listo para un viaje en solitario?&#8221; use_theme_fonts=&#8221;yes&#8221;]<\/div><\/div><\/div><div class=\"vc_col-sm-4 wpb_column vc_column_container\"><div class=\"vc_column-inner us_custom_ec1e580b\"><div class=\"wpb_wrapper\"><div class=\" ubtn-ctn-center \"><a class=\"ubtn-link ult-adjust-bottom-margin ubtn-center ubtn-block \" href=\"https:\/\/arponspearfishing.com\/es\/spearfishing-trips\/half-day-spearfishing-trip-solo\/\" title=\"Book Now\" ><button type=\"button\" id=\"ubtn-8592\"  class=\"ubtn ult-adjust-bottom-margin ult-responsive ubtn-block ubtn-no-hover-bg  none  ubtn-center   tooltip-69e9030aeae5b ubtn-block\"  data-hover=\"\" data-border-color=\"\" data-bg=\"#dd3333\" data-hover-bg=\"\" data-border-hover=\"\" data-shadow-hover=\"\" data-shadow-click=\"none\" data-shadow=\"\" data-shd-shadow=\"\"  data-ultimate-target='#ubtn-8592'  data-responsive-json-new='{\"font-size\":\"desktop:18px;\",\"line-height\":\"\"}'  style=\"font-weight:normal;border:none;background: #dd3333;color: #ffffff;\"><span class=\"ubtn-hover\" style=\"background-color:\"><\/span><span class=\"ubtn-data ubtn-text \" >RESERVAR UN VIAJE EN SOLITARIO<\/span><\/button><\/a><\/div><\/div><\/div><\/div><\/div><\/div><\/section><!-- Row Backgrounds --><div class=\"upb_color\" data-bg-override=\"0\" data-bg-color=\"rgba(237,237,156,0.51)\" data-fadeout=\"\" data-fadeout-percentage=\"30\" data-parallax-content=\"\" data-parallax-content-sense=\"30\" data-row-effect-mobile-disable=\"true\" data-img-parallax-mobile-disable=\"true\" data-rtl=\"false\"  data-custom-vc-row=\"\"  data-vc=\"6.13.0\"  data-is_old_vc=\"\"  data-theme-support=\"\"   data-overlay=\"false\" data-overlay-color=\"\" data-overlay-pattern=\"\" data-overlay-pattern-opacity=\"\" data-overlay-pattern-size=\"\"    ><\/div><section class=\"l-section wpb_row height_auto\"><div class=\"l-section-h i-cf\"><div class=\"g-cols vc_row via_flex valign_top type_default stacking_default\"><div class=\"vc_col-sm-12 wpb_column vc_column_container\"><div class=\"vc_column-inner\"><div class=\"wpb_wrapper\"><div class=\"w-actionbox us_custom_07d4fee1 has_text_color color_light controls_right\"><div class=\"w-actionbox-text\"><h3 class=\"w-actionbox-title\">Para grupos de pesca submarina de 8 personas o m\u00e1s<\/h3><\/div><div class=\"w-actionbox-controls\"><a class=\"w-btn us-btn-style_4\" href=\"https:\/\/arponspearfishing.com\/es\/contact-us\/\"><span class=\"w-btn-label\">Cont\u00e1ctanos<\/span><\/a><\/div><\/div><\/div><\/div><\/div><\/div><\/div><\/section><!-- Row Backgrounds --><div class=\"upb_color\" data-bg-override=\"0\" data-bg-color=\"#898989\" data-fadeout=\"\" data-fadeout-percentage=\"30\" data-parallax-content=\"\" data-parallax-content-sense=\"30\" data-row-effect-mobile-disable=\"true\" data-img-parallax-mobile-disable=\"true\" data-rtl=\"false\"  data-custom-vc-row=\"\"  data-vc=\"6.13.0\"  data-is_old_vc=\"\"  data-theme-support=\"\"   data-overlay=\"false\" data-overlay-color=\"\" data-overlay-pattern=\"\" data-overlay-pattern-opacity=\"\" data-overlay-pattern-size=\"\"    ><\/div>\n","protected":false},"excerpt":{"rendered":"[vc_custom_heading text=\"Tour Privado de Pesca Submarina de Medio D\u00eda en Canc\u00fan y Riviera Maya\" font_container=\"tag:h1|text_align:left|color:%23ffffff\" use_theme_fonts=\"yes\" css=\"%7B%22default%22%3A%7B%22color%22%3A%22%23ffffff%22%7D%7D\"][vc_custom_heading text=\"Expedici\u00f3n Exclusiva de 4 Horas en Barco para Pesca Submarina\" font_container=\"tag:h2|text_align:left|color:%23ffffff\" use_theme_fonts=\"yes\" css=\"%7B%22default%22%3A%7B%22color%22%3A%22%23666666%22%7D%7D\"][vc_custom_heading text=\"\u00a1\u00a1STAFF SOLO PARA TI!!\" font_container=\"tag:h3|text_align:left\" use_theme_fonts=\"yes\" css=\"%7B%22default%22%3A%7B%22color%22%3A%22%23dd3333%22%2C%22margin-bottom%22%3A%220px%22%7D%7D\"][vc_custom_heading text=\"Disfruta de un tour privado de pesca submarina de medio d\u00eda en la Riviera Maya con Arpon Spearfishing,...","protected":false},"author":1,"featured_media":0,"parent":12,"menu_order":0,"comment_status":"closed","ping_status":"closed","template":"","meta":{"_seopress_robots_primary_cat":"","_seopress_titles_title":"%%post_title%% %%sep%% %%sitetitle%%","_seopress_titles_desc":"Explora la pesca con arp\u00f3n en Puerto Aventuras y Riviera Maya con Arpon Spearfishing. Disfruta de un tour privado con equipo de alta calidad y servicio premium.","_seopress_robots_index":"","_joinchat":[],"footnotes":""},"_links":{"self":[{"href":"https:\/\/arponspearfishing.com\/es\/wp-json\/wp\/v2\/pages\/500"}],"collection":[{"href":"https:\/\/arponspearfishing.com\/es\/wp-json\/wp\/v2\/pages"}],"about":[{"href":"https:\/\/arponspearfishing.com\/es\/wp-json\/wp\/v2\/types\/page"}],"author":[{"embeddable":true,"href":"https:\/\/arponspearfishing.com\/es\/wp-json\/wp\/v2\/users\/1"}],"replies":[{"embeddable":true,"href":"https:\/\/arponspearfishing.com\/es\/wp-json\/wp\/v2\/comments?post=500"}],"version-history":[{"count":82,"href":"https:\/\/arponspearfishing.com\/es\/wp-json\/wp\/v2\/pages\/500\/revisions"}],"predecessor-version":[{"id":2352,"href":"https:\/\/arponspearfishing.com\/es\/wp-json\/wp\/v2\/pages\/500\/revisions\/2352"}],"up":[{"embeddable":true,"href":"https:\/\/arponspearfishing.com\/es\/wp-json\/wp\/v2\/pages\/12"}],"wp:attachment":[{"href":"https:\/\/arponspearfishing.com\/es\/wp-json\/wp\/v2\/media?parent=500"}],"curies":[{"name":"wp","href":"https:\/\/api.w.org\/{rel}","templated":true}]}}