{"id":534,"date":"2017-10-05T01:14:19","date_gmt":"2017-10-05T01:14:19","guid":{"rendered":"https:\/\/arponspearfishing.com\/es\/?page_id=534"},"modified":"2024-11-28T05:24:20","modified_gmt":"2024-11-28T05:24:20","slug":"full-day-spearfishing-trip-private","status":"publish","type":"page","link":"https:\/\/arponspearfishing.com\/es\/spearfishing-trips\/full-day-spearfishing-trip-private\/","title":{"rendered":"Full Day Spearfishing Trip ( Private )"},"content":{"rendered":"<section class=\"l-section wpb_row us_custom_4ef76d89 height_auto with_shape\"><div class=\"l-section-shape type_wave pos_bottom\" style=\"height:9vh;\"><svg xmlns=\"http:\/\/www.w3.org\/2000\/svg\" viewBox=\"0 4 64 4\" preserveAspectRatio=\"none\" width=\"100%\" height=\"100%\">\r\n\t<path fill=\"currentColor\" d=\"M64 6 C32 0 32 12 0 6 L0 8 L64 8 Z\"\/>\r\n<\/svg><\/div><div class=\"l-section-h i-cf\"><div class=\"g-cols vc_row via_flex valign_middle type_default stacking_default\"><div class=\"vc_col-sm-12 wpb_column vc_column_container\"><div class=\"vc_column-inner\"><div class=\"wpb_wrapper\"><div class=\"w-separator size_custom\" style=\"height:10px\"><\/div>[vc_custom_heading text=&#8221;Tour Privado de Pesca Submarina de D\u00eda Completo en Riviera Maya &#8211; Exclusivo&#8221; font_container=&#8221;tag:h1|text_align:left|color:%23ffffff&#8221; use_theme_fonts=&#8221;yes&#8221; css=&#8221;%7B%22default%22%3A%7B%22color%22%3A%22%23ffffff%22%7D%7D&#8221;]<div class=\"w-separator size_custom\" style=\"height:10px\"><\/div><\/div><\/div><\/div><\/div><\/div><\/section><section class=\"l-section wpb_row us_custom_aee1ec99 height_auto\"><div class=\"l-section-h i-cf\"><div class=\"g-cols vc_row via_flex valign_top type_default stacking_default\"><div class=\"vc_col-sm-12 wpb_column vc_column_container\"><div class=\"vc_column-inner\"><div class=\"wpb_wrapper\">[vc_custom_heading text=&#8221;Expedici\u00f3n de 8 Horas en Barco para Pesca Submarina Privada en el Caribe Mexicano&#8221; font_container=&#8221;tag:h2|text_align:left|color:%23ffffff&#8221; use_theme_fonts=&#8221;yes&#8221; css=&#8221;%7B%22default%22%3A%7B%22color%22%3A%22%23666666%22%7D%7D&#8221;]<div class=\"w-separator size_custom\" style=\"height:10px\"><\/div><\/div><\/div><\/div><div class=\"vc_col-sm-6 wpb_column vc_column_container\"><div class=\"vc_column-inner\"><div class=\"wpb_wrapper\"><div class=\"g-cols wpb_row via_flex valign_top type_default stacking_default\"><div class=\"vc_col-sm-12 wpb_column vc_column_container\"><div class=\"vc_column-inner\"><div class=\"wpb_wrapper\"><div class=\"w-image style_outlined align_center\"><div class=\"w-image-h\"><img loading=\"lazy\" decoding=\"async\" width=\"806\" height=\"806\" src=\"https:\/\/arponspearfishing.com\/es\/wp-content\/uploads\/sites\/2\/2019\/11\/full-day-spearfishng-private-trip.jpg\" class=\"attachment-full size-full\" alt=\"full day spearfishng private trip\" srcset=\"https:\/\/arponspearfishing.com\/es\/wp-content\/uploads\/sites\/2\/2019\/11\/full-day-spearfishng-private-trip.jpg 806w, https:\/\/arponspearfishing.com\/es\/wp-content\/uploads\/sites\/2\/2019\/11\/full-day-spearfishng-private-trip-150x150.jpg 150w, https:\/\/arponspearfishing.com\/es\/wp-content\/uploads\/sites\/2\/2019\/11\/full-day-spearfishng-private-trip-300x300.jpg 300w, https:\/\/arponspearfishing.com\/es\/wp-content\/uploads\/sites\/2\/2019\/11\/full-day-spearfishng-private-trip-350x350.jpg 350w, https:\/\/arponspearfishing.com\/es\/wp-content\/uploads\/sites\/2\/2019\/11\/full-day-spearfishng-private-trip-600x600.jpg 600w, https:\/\/arponspearfishing.com\/es\/wp-content\/uploads\/sites\/2\/2019\/11\/full-day-spearfishng-private-trip-768x768.jpg 768w\" sizes=\"(max-width: 806px) 100vw, 806px\" \/><\/div><\/div><\/div><\/div><\/div><\/div><\/div><\/div><\/div><div class=\"vc_col-sm-6 wpb_column vc_column_container\"><div class=\"vc_column-inner\"><div class=\"wpb_wrapper\">[vc_custom_heading text=&#8221;\u00a1\u00a1STAFF SOLO PARA TI!!&#8221; font_container=&#8221;tag:h3|text_align:left&#8221; use_theme_fonts=&#8221;yes&#8221; css=&#8221;%7B%22default%22%3A%7B%22color%22%3A%22%23dd3333%22%2C%22margin-bottom%22%3A%220px%22%7D%7D&#8221;][vc_custom_heading text=&#8221;Emb\u00e1rcate en un tour privado de pesca submarina de d\u00eda completo en la Riviera Maya con Arpon Spearfishing. Disfruta de 8 horas de aventura en barco con un equipo dedicado solo para ti y tu grupo, explorando los mejores puntos de pesca en Canc\u00fan y Playa del Carmen. Este tour exclusivo incluye gu\u00eda profesional, equipo completo y la oportunidad de capturar tu propio pez en un entorno c\u00f3modo y privado. \u00a1Reserva ahora para vivir una experiencia de pesca submarina inigualable!&#8221; font_container=&#8221;tag:div|text_align:left&#8221; use_theme_fonts=&#8221;yes&#8221; css=&#8221;%7B%22default%22%3A%7B%22color%22%3A%22%23262A2F%22%2C%22padding-top%22%3A%2210px%22%7D%7D&#8221;]<div class=\"w-separator size_custom\" style=\"height:10px\"><\/div>[vc_custom_heading text=&#8221;PRECIOS&#8221; font_container=&#8221;tag:h3|text_align:left&#8221; use_theme_fonts=&#8221;yes&#8221; css=&#8221;%7B%22default%22%3A%7B%22color%22%3A%22%23ffffff%22%2C%22background-color%22%3A%22%23007CC3%22%2C%22margin-bottom%22%3A%220px%22%2C%22padding-left%22%3A%2220px%22%2C%22padding-top%22%3A%220px%22%7D%7D&#8221;]<div class=\"g-cols wpb_row via_flex valign_top type_default stacking_default\"><div class=\"vc_col-sm-12 wpb_column vc_column_container\"><div class=\"vc_column-inner\"><div class=\"wpb_wrapper\"><div class=\"wpb_text_column\"><div class=\"wpb_wrapper\"><table class=\"table\">\n<tbody>\n<tr>\n<td><strong>Charter con 2 Cazadores<\/strong><\/td>\n<td>$805 usd<\/td>\n<\/tr>\n<tr>\n<td><strong>Cazador adicional<\/strong><\/td>\n<td>$325 usd cada uno<\/td>\n<\/tr>\n<tr>\n<td><strong>Snorkelers<\/strong><\/td>\n<td>$205 usd cada uno<\/td>\n<\/tr>\n<tr>\n<td><strong>Acompa\u00f1antes (no cazadores)<\/strong><\/td>\n<td>$145 usd cada uno<\/td>\n<\/tr>\n<\/tbody>\n<\/table>\n<div id=\"gtx-trans\" style=\"position: absolute; left: 29px; top: 120.627px;\">\n<div class=\"gtx-trans-icon\"><\/div>\n<\/div>\n<\/div><\/div><div class=\"ult-spacer spacer-69e902a97e238\" data-id=\"69e902a97e238\" data-height=\"20\" data-height-mobile=\"20\" data-height-tab=\"20\" data-height-tab-portrait=\"\" data-height-mobile-landscape=\"\" style=\"clear:both;display:block;\"><\/div><div class=\" ubtn-ctn-center \"><a class=\"ubtn-link ult-adjust-bottom-margin ubtn-center ubtn-block \" href=\"https:\/\/bookings.arponspearfishing.com\/\" title=\"Book Now\" target=\"_blank\" rel=\"noopener\" ><button type=\"button\" id=\"ubtn-7843\"  class=\"ubtn ult-adjust-bottom-margin ult-responsive ubtn-block ubtn-no-hover-bg  none  ubtn-center   tooltip-69e902a97e25b ubtn-block\"  data-hover=\"\" data-border-color=\"\" data-bg=\"#dd3333\" data-hover-bg=\"\" data-border-hover=\"\" data-shadow-hover=\"\" data-shadow-click=\"none\" data-shadow=\"\" data-shd-shadow=\"\"  data-ultimate-target='#ubtn-7843'  data-responsive-json-new='{\"font-size\":\"desktop:24px;\",\"line-height\":\"\"}'  style=\"font-weight:bold;border:none;background: #dd3333;color: #ffffff;\"><span class=\"ubtn-hover\" style=\"background-color:\"><\/span><span class=\"ubtn-data ubtn-text \" >RESERVA AHORA<\/span><\/button><\/a><\/div><\/div><\/div><\/div><\/div><\/div><\/div><\/div><\/div><\/div><\/section><section class=\"l-section wpb_row height_auto\"><div class=\"l-section-h i-cf\"><div class=\"g-cols vc_row via_flex valign_top type_default stacking_default\"><div class=\"vc_col-sm-12 wpb_column vc_column_container\"><div class=\"vc_column-inner\"><div class=\"wpb_wrapper\">[vc_custom_heading text=&#8221;El viaje de pesca submarina incluye:&#8221; use_theme_fonts=&#8221;yes&#8221; css=&#8221;%7B%22default%22%3A%7B%22color%22%3A%22%23ffffff%22%2C%22background-color%22%3A%22%23007CC3%22%2C%22margin-bottom%22%3A%220px%22%2C%22padding-left%22%3A%2220px%22%2C%22padding-top%22%3A%220px%22%2C%22padding-bottom%22%3A%224px%22%7D%7D&#8221;]<div class=\"ult-spacer spacer-69e902a97e63a\" data-id=\"69e902a97e63a\" data-height=\"20\" data-height-mobile=\"20\" data-height-tab=\"20\" data-height-tab-portrait=\"\" data-height-mobile-landscape=\"\" style=\"clear:both;display:block;\"><\/div><div class=\"g-cols wpb_row via_flex valign_top type_default stacking_default\"><div class=\"vc_col-sm-4 wpb_column vc_column_container\"><div class=\"vc_column-inner\"><div class=\"wpb_wrapper\"><div class=\"wpb_text_column\"><div class=\"wpb_wrapper\"><p>Equipo completo:<\/p>\n<ul>\n<li>mascarilla<\/li>\n<li>traje de neopreno<\/li>\n<li>tubo respirador<\/li>\n<li>guantes<\/li>\n<li>pesos y aletas<\/li>\n<\/ul>\n<\/div><\/div><\/div><\/div><\/div><div class=\"vc_col-sm-4 wpb_column vc_column_container\"><div class=\"vc_column-inner\"><div class=\"wpb_wrapper\"><div class=\"wpb_text_column\"><div class=\"wpb_wrapper\"><ul>\n<li>Gu\u00eda profesional de pesca submarina<\/li>\n<li>Fusiles de distintos tama\u00f1os y marcas<\/li>\n<li><strong>Permiso y licencia de pesca submarina<\/strong><\/li>\n<\/ul>\n<\/div><\/div><\/div><\/div><\/div><div class=\"vc_col-sm-4 wpb_column vc_column_container\"><div class=\"vc_column-inner\"><div class=\"wpb_wrapper\"><div class=\"wpb_text_column\"><div class=\"wpb_wrapper\"><ul>\n<li><strong>Agua dulce<\/strong> para cazadores<\/li>\n<li><strong>Cerveza<\/strong> para snorkelers<\/li>\n<\/ul>\n<div id=\"gtx-trans\" style=\"position: absolute; left: 209px; top: 85.5399px;\">\n<div class=\"gtx-trans-icon\"><\/div>\n<\/div>\n<\/div><\/div><\/div><\/div><\/div><\/div><div class=\"ult-spacer spacer-69e902a97ed6c\" data-id=\"69e902a97ed6c\" data-height=\"20\" data-height-mobile=\"20\" data-height-tab=\"20\" data-height-tab-portrait=\"\" data-height-mobile-landscape=\"\" style=\"clear:both;display:block;\"><\/div><div class=\"g-cols wpb_row via_flex valign_top type_default stacking_default\"><div class=\"vc_col-sm-6 wpb_column vc_column_container\"><div class=\"vc_column-inner\"><div class=\"wpb_wrapper\">[vc_custom_heading text=&#8221;SALIDAS&#8221; font_container=&#8221;tag:h4|text_align:left&#8221; use_theme_fonts=&#8221;yes&#8221; css=&#8221;%7B%22default%22%3A%7B%22color%22%3A%22%23ffffff%22%2C%22background-color%22%3A%22%23007CC3%22%2C%22margin-bottom%22%3A%220px%22%2C%22padding-left%22%3A%2220px%22%2C%22padding-top%22%3A%220px%22%7D%7D&#8221;]<div class=\"ult-spacer spacer-69e902a97efaa\" data-id=\"69e902a97efaa\" data-height=\"20\" data-height-mobile=\"20\" data-height-tab=\"20\" data-height-tab-portrait=\"\" data-height-mobile-landscape=\"\" style=\"clear:both;display:block;\"><\/div><div class=\"aio-icon-component    style_1\"><div id=\"Info-box-wrap-6404\" class=\"aio-icon-box default-icon\" style=\"\"  ><div class=\"aio-icon-default\"><div class=\"ult-just-icon-wrapper  \"><div class=\"align-icon\" style=\"text-align:center;\">\n<div class=\"aio-icon none \"  style=\"color:#333;font-size:32px;display:inline-block;\">\n\t<i class=\"Defaults-calendar\"><\/i>\n<\/div><\/div><\/div><\/div><div class=\"aio-icon-header\" ><h3 class=\"aio-icon-title ult-responsive\"  data-ultimate-target='#Info-box-wrap-6404 .aio-icon-title'  data-responsive-json-new='{\"font-size\":\"desktop:18px;\",\"line-height\":\"\"}'  style=\"font-weight:bold;color:#262a2f;\">De lunes a domingo<\/h3><\/div> <!-- header --><\/div> <!-- aio-icon-box --><\/div> <!-- aio-icon-component --><div class=\"aio-icon-component    style_1\"><div id=\"Info-box-wrap-9751\" class=\"aio-icon-box default-icon\" style=\"\"  ><div class=\"aio-icon-default\"><div class=\"ult-just-icon-wrapper  \"><div class=\"align-icon\" style=\"text-align:center;\">\n<div class=\"aio-icon none \"  style=\"color:#333;font-size:32px;display:inline-block;\">\n\t<i class=\"Defaults-clock-o\"><\/i>\n<\/div><\/div><\/div><\/div><div class=\"aio-icon-header\" ><h3 class=\"aio-icon-title ult-responsive\"  data-ultimate-target='#Info-box-wrap-9751 .aio-icon-title'  data-responsive-json-new='{\"font-size\":\"desktop:18px;\",\"line-height\":\"\"}'  style=\"font-weight:bold;color:#262a2f;\">8:00 a.m.<\/h3><\/div> <!-- header --><\/div> <!-- aio-icon-box --><\/div> <!-- aio-icon-component --><\/div><\/div><\/div><div class=\"vc_col-sm-6 wpb_column vc_column_container\"><div class=\"vc_column-inner\"><div class=\"wpb_wrapper\"><div class=\"w-message color_blue with_icon\"><div class=\"w-message-icon\"><i class=\"fas fa-exclamation-triangle\"><\/i><\/div><div class=\"w-message-body\"><p>Este es un CHARTER PRIVADO dise\u00f1ado para brindarte una experiencia personalizada.<\/p>\n<\/div><\/div><div class=\"w-message color_yellow with_icon\"><div class=\"w-message-icon\"><i class=\"fas fa-info\"><\/i><\/div><div class=\"w-message-body\"><p>Si tienes tu propio equipo de pesca submarina, \u00a1puedes traerlo!<\/p>\n<\/div><\/div><\/div><\/div><\/div><\/div><\/div><\/div><\/div><\/div><\/div><\/section><section class=\"l-section wpb_row us_custom_815c1c57 height_auto\"><div class=\"l-section-h i-cf\"><div class=\"g-cols vc_row via_flex valign_top type_default stacking_default\"><div class=\"vc_col-sm-8 wpb_column vc_column_container\"><div class=\"vc_column-inner\"><div class=\"wpb_wrapper\">[vc_custom_heading text=&#8221;\u00bfQuieres disfrutar del pescado que pescaste?&#8221; use_theme_fonts=&#8221;yes&#8221; css=&#8221;%7B%22default%22%3A%7B%22color%22%3A%22%23ffffff%22%2C%22background-color%22%3A%22%23007CC3%22%2C%22margin-bottom%22%3A%220px%22%2C%22padding-left%22%3A%2220px%22%2C%22padding-top%22%3A%220px%22%2C%22padding-bottom%22%3A%224px%22%7D%7D&#8221;]<div class=\"ult-spacer spacer-69e902a97f6ba\" data-id=\"69e902a97f6ba\" data-height=\"1\" data-height-mobile=\"1\" data-height-tab=\"1\" data-height-tab-portrait=\"\" data-height-mobile-landscape=\"\" style=\"clear:both;display:block;\"><\/div>[vc_custom_heading text=&#8221;Tu pescado fresco cocinado en el mejor restaurante grill de Puerto Aventuras.&#8221; font_container=&#8221;tag:h5|text_align:left&#8221; use_theme_fonts=&#8221;yes&#8221; css=&#8221;%7B%22default%22%3A%7B%22color%22%3A%22%23666666%22%2C%22margin-bottom%22%3A%2210px%22%7D%7D&#8221;][vc_custom_heading text=&#8221;Almuerzo &#8211; Cena en Restaurante La Caleta Puerto Aventuras \u2013 SIN CARGO&#8221; font_container=&#8221;tag:h5|text_align:left&#8221; use_theme_fonts=&#8221;yes&#8221; css=&#8221;%7B%22default%22%3A%7B%22color%22%3A%22%23dd0000%22%2C%22padding-top%22%3A%2210px%22%7D%7D&#8221;]<div class=\"ult-spacer spacer-69e902a97f6d2\" data-id=\"69e902a97f6d2\" data-height=\"10\" data-height-mobile=\"10\" data-height-tab=\"10\" data-height-tab-portrait=\"\" data-height-mobile-landscape=\"\" style=\"clear:both;display:block;\"><\/div><div class=\"g-cols wpb_row via_flex valign_top type_default stacking_default\"><div class=\"vc_col-sm-6 wpb_column vc_column_container\"><div class=\"vc_column-inner\"><div class=\"wpb_wrapper\"><div class=\"wpb_text_column\"><div class=\"wpb_wrapper\"><p><strong>Incluye:<\/strong><\/p>\n<div class=\"gtx-body\">Ensalada, arroz, salsa y tortillas.<\/div>\n<\/div><\/div><\/div><\/div><\/div><div class=\"vc_col-sm-6 wpb_column vc_column_container\"><div class=\"vc_column-inner\"><div class=\"wpb_wrapper\"><div class=\"w-message color_yellow with_icon\"><div class=\"w-message-icon\"><i class=\"fas fa-info\"><\/i><\/div><div class=\"w-message-body\"><p>*Bebidas no incluidas*<\/p>\n<\/div><\/div><\/div><\/div><\/div><\/div><\/div><\/div><\/div><div class=\"vc_col-sm-4 wpb_column vc_column_container\"><div class=\"vc_column-inner\"><div class=\"wpb_wrapper\"><div class=\"w-image style_shadow-1 align_center\"><div class=\"w-image-h\"><img loading=\"lazy\" decoding=\"async\" width=\"1440\" height=\"1080\" src=\"https:\/\/arponspearfishing.com\/es\/wp-content\/uploads\/sites\/2\/2024\/06\/3.jpeg\" class=\"attachment-full size-full\" alt=\"\" srcset=\"https:\/\/arponspearfishing.com\/es\/wp-content\/uploads\/sites\/2\/2024\/06\/3.jpeg 1440w, https:\/\/arponspearfishing.com\/es\/wp-content\/uploads\/sites\/2\/2024\/06\/3-300x225.jpeg 300w, https:\/\/arponspearfishing.com\/es\/wp-content\/uploads\/sites\/2\/2024\/06\/3-1024x768.jpeg 1024w, https:\/\/arponspearfishing.com\/es\/wp-content\/uploads\/sites\/2\/2024\/06\/3-768x576.jpeg 768w\" sizes=\"(max-width: 1440px) 100vw, 1440px\" \/><\/div><\/div><div class=\"ult-spacer spacer-69e902a980337\" data-id=\"69e902a980337\" data-height=\"10\" data-height-mobile=\"10\" data-height-tab=\"10\" data-height-tab-portrait=\"\" data-height-mobile-landscape=\"\" style=\"clear:both;display:block;\"><\/div><div class=\"wpb_text_column\"><div class=\"wpb_wrapper\"><p style=\"text-align: center;\">M\u00fasica en vivo los mi\u00e9rcoles y domingos.<\/p>\n<\/div><\/div><\/div><\/div><\/div><\/div><\/div><\/section><section class=\"l-section wpb_row us_custom_8e09cc6b height_auto\"><div class=\"l-section-h i-cf\"><div class=\"g-cols vc_row via_flex valign_top type_default stacking_default\"><div class=\"vc_col-sm-12 wpb_column vc_column_container\"><div class=\"vc_column-inner\"><div class=\"wpb_wrapper\">[vc_custom_heading text=&#8221;RESERVA CON S\u00d3LO 10% DE DEP\u00d3SITO&#8221; font_container=&#8221;tag:h2|text_align:center&#8221; use_theme_fonts=&#8221;yes&#8221; css=&#8221;%7B%22default%22%3A%7B%22color%22%3A%22%23ffffff%22%2C%22background-color%22%3A%22%23007CC3%22%2C%22margin-bottom%22%3A%220px%22%2C%22padding-left%22%3A%2220px%22%2C%22padding-top%22%3A%220px%22%2C%22padding-bottom%22%3A%224px%22%7D%7D&#8221;]<div class=\"w-separator size_custom\" style=\"height:30px\"><\/div><div class=\"g-cols wpb_row via_flex valign_top type_default stacking_default\"><div class=\"vc_col-sm-6 wpb_column vc_column_container\"><div class=\"vc_column-inner\"><div class=\"wpb_wrapper\"><div class=\"w-message color_red with_icon\"><div class=\"w-message-icon\"><i class=\"fas fa-exclamation-triangle\"><\/i><\/div><div class=\"w-message-body\"><p>El saldo debe pagarse antes del viaje<\/p>\n<\/div><\/div><\/div><\/div><\/div><div class=\"vc_col-sm-6 wpb_column vc_column_container\"><div class=\"vc_column-inner\"><div class=\"wpb_wrapper\"><div class=\" ubtn-ctn-center \"><a class=\"ubtn-link ult-adjust-bottom-margin ubtn-center ubtn-block \" href=\"https:\/\/bookings.arponspearfishing.com\/\" title=\"Book Now\" target=\"_blank\" rel=\"noopener\" ><button type=\"button\" id=\"ubtn-9671\"  class=\"ubtn ult-adjust-bottom-margin ult-responsive ubtn-block ubtn-no-hover-bg  none  ubtn-center   tooltip-69e902a980c66 ubtn-block\"  data-hover=\"\" data-border-color=\"\" data-bg=\"#dd3333\" data-hover-bg=\"\" data-border-hover=\"\" data-shadow-hover=\"\" data-shadow-click=\"none\" data-shadow=\"\" data-shd-shadow=\"\"  data-ultimate-target='#ubtn-9671'  data-responsive-json-new='{\"font-size\":\"desktop:24px;\",\"line-height\":\"\"}'  style=\"font-weight:bold;border:none;background: #dd3333;color: #ffffff;\"><span class=\"ubtn-hover\" style=\"background-color:\"><\/span><span class=\"ubtn-data ubtn-text \" >RESERVA AHORA<\/span><\/button><\/a><\/div><\/div><\/div><\/div><\/div><\/div><\/div><\/div><\/div><\/div><\/section><section class=\"l-section wpb_row height_auto\"><div class=\"l-section-h i-cf\"><div class=\"g-cols vc_row via_flex valign_top type_default stacking_default\"><div class=\"vc_col-sm-12 wpb_column vc_column_container\"><div class=\"vc_column-inner\"><div class=\"wpb_wrapper\"><div class=\"w-actionbox us_custom_07d4fee1 has_text_color color_light controls_right\"><div class=\"w-actionbox-text\"><h3 class=\"w-actionbox-title\">Para grupos de pesca submarina de 8 personas o m\u00e1s<\/h3><\/div><div class=\"w-actionbox-controls\"><a class=\"w-btn us-btn-style_4\" href=\"https:\/\/arponspearfishing.com\/es\/contact-us\/\"><span class=\"w-btn-label\">Cont\u00e1ctanos<\/span><\/a><\/div><\/div><\/div><\/div><\/div><\/div><\/div><\/section><!-- Row Backgrounds --><div class=\"upb_color\" data-bg-override=\"0\" data-bg-color=\"#898989\" data-fadeout=\"\" data-fadeout-percentage=\"30\" data-parallax-content=\"\" data-parallax-content-sense=\"30\" data-row-effect-mobile-disable=\"true\" data-img-parallax-mobile-disable=\"true\" data-rtl=\"false\"  data-custom-vc-row=\"\"  data-vc=\"6.13.0\"  data-is_old_vc=\"\"  data-theme-support=\"\"   data-overlay=\"false\" data-overlay-color=\"\" data-overlay-pattern=\"\" data-overlay-pattern-opacity=\"\" data-overlay-pattern-size=\"\"    ><\/div>\n","protected":false},"excerpt":{"rendered":"[vc_custom_heading text=\"Tour Privado de Pesca Submarina de D\u00eda Completo en Riviera Maya - Exclusivo\" font_container=\"tag:h1|text_align:left|color:%23ffffff\" use_theme_fonts=\"yes\" css=\"%7B%22default%22%3A%7B%22color%22%3A%22%23ffffff%22%7D%7D\"][vc_custom_heading text=\"Expedici\u00f3n de 8 Horas en Barco para Pesca Submarina Privada en el Caribe Mexicano\" font_container=\"tag:h2|text_align:left|color:%23ffffff\" use_theme_fonts=\"yes\" css=\"%7B%22default%22%3A%7B%22color%22%3A%22%23666666%22%7D%7D\"][vc_custom_heading text=\"\u00a1\u00a1STAFF SOLO PARA TI!!\" font_container=\"tag:h3|text_align:left\" use_theme_fonts=\"yes\" css=\"%7B%22default%22%3A%7B%22color%22%3A%22%23dd3333%22%2C%22margin-bottom%22%3A%220px%22%7D%7D\"][vc_custom_heading text=\"Emb\u00e1rcate en un tour privado de pesca submarina de d\u00eda completo en la Riviera...","protected":false},"author":1,"featured_media":0,"parent":12,"menu_order":0,"comment_status":"closed","ping_status":"closed","template":"","meta":{"_seopress_robots_primary_cat":"","_seopress_titles_title":"%%post_title%% %%sep%% %%sitetitle%%","_seopress_titles_desc":"Disfruta un d\u00eda completo de pesca submarina privada en Puerto Aventuras con Arpon Spearfishing. Explora arrecifes y blue water con equipo de alta gama.","_seopress_robots_index":"","_joinchat":[],"footnotes":""},"_links":{"self":[{"href":"https:\/\/arponspearfishing.com\/es\/wp-json\/wp\/v2\/pages\/534"}],"collection":[{"href":"https:\/\/arponspearfishing.com\/es\/wp-json\/wp\/v2\/pages"}],"about":[{"href":"https:\/\/arponspearfishing.com\/es\/wp-json\/wp\/v2\/types\/page"}],"author":[{"embeddable":true,"href":"https:\/\/arponspearfishing.com\/es\/wp-json\/wp\/v2\/users\/1"}],"replies":[{"embeddable":true,"href":"https:\/\/arponspearfishing.com\/es\/wp-json\/wp\/v2\/comments?post=534"}],"version-history":[{"count":37,"href":"https:\/\/arponspearfishing.com\/es\/wp-json\/wp\/v2\/pages\/534\/revisions"}],"predecessor-version":[{"id":2353,"href":"https:\/\/arponspearfishing.com\/es\/wp-json\/wp\/v2\/pages\/534\/revisions\/2353"}],"up":[{"embeddable":true,"href":"https:\/\/arponspearfishing.com\/es\/wp-json\/wp\/v2\/pages\/12"}],"wp:attachment":[{"href":"https:\/\/arponspearfishing.com\/es\/wp-json\/wp\/v2\/media?parent=534"}],"curies":[{"name":"wp","href":"https:\/\/api.w.org\/{rel}","templated":true}]}}